{"id":4425,"date":"2021-03-31T15:38:16","date_gmt":"2021-03-31T15:38:16","guid":{"rendered":"https:\/\/eraclitea.it\/eracliteait\/?post_type=product&#038;p=4425"},"modified":"2022-11-01T11:34:59","modified_gmt":"2022-11-01T11:34:59","slug":"addetti-antincendio-in-attivita-di-livello-1","status":"publish","type":"product","link":"https:\/\/eraclitea.eu\/sitoweb\/prodotto\/addetti-antincendio-in-attivita-di-livello-1\/","title":{"rendered":"Addetti antincendio in attivit\u00e0 di livello 1"},"content":{"rendered":"<table style=\"border: 0px; height: 244px; width: 721px;\">\n<tbody>\n<tr>\n<td style=\"width: 38.75px;\"><a href=\"https:\/\/eraclitea.eu\/sitoweb\/wp-content\/uploads\/2021\/01\/orolo2.png\"><img loading=\"lazy\" decoding=\"async\" class=\"alignnone wp-image-887 \" src=\"https:\/\/eraclitea.eu\/sitoweb\/wp-content\/uploads\/2021\/03\/tempo.png\" alt=\"\" width=\"33\" height=\"33\" \/><\/a><\/td>\n<td style=\"width: 147.841px;\">\n<h4 class=\"et_pb_module_header\">Durata del corso:<\/h4>\n<\/td>\n<td style=\"width: 515.114px;\">2 ore<\/td>\n<\/tr>\n<tr>\n<td style=\"width: 38.75px;\"><a href=\"https:\/\/eraclitea.eu\/sitoweb\/wp-content\/uploads\/2021\/03\/Tavola-da-disegno-\u2013-13.png\"><img loading=\"lazy\" decoding=\"async\" class=\"alignnone wp-image-3710 \" src=\"https:\/\/eraclitea.eu\/sitoweb\/wp-content\/uploads\/2021\/03\/Tavola-da-disegno-\u2013-13-300x300.png\" alt=\"\" width=\"39\" height=\"39\" srcset=\"https:\/\/eraclitea.eu\/sitoweb\/wp-content\/uploads\/2021\/03\/Tavola-da-disegno-\u2013-13-300x300.png 300w, https:\/\/eraclitea.eu\/sitoweb\/wp-content\/uploads\/2021\/03\/Tavola-da-disegno-\u2013-13-150x150.png 150w, https:\/\/eraclitea.eu\/sitoweb\/wp-content\/uploads\/2021\/03\/Tavola-da-disegno-\u2013-13-100x100.png 100w, https:\/\/eraclitea.eu\/sitoweb\/wp-content\/uploads\/2021\/03\/Tavola-da-disegno-\u2013-13-64x64.png 64w, https:\/\/eraclitea.eu\/sitoweb\/wp-content\/uploads\/2021\/03\/Tavola-da-disegno-\u2013-13.png 400w\" sizes=\"auto, (max-width: 39px) 100vw, 39px\" \/><\/a><\/td>\n<td style=\"width: 147.841px;\">\n<h4>N. Partecipanti:<\/h4>\n<\/td>\n<td style=\"width: 515.114px;\">Max 30<\/td>\n<\/tr>\n<tr>\n<td style=\"width: 38.75px;\"><a href=\"https:\/\/eraclitea.eu\/sitoweb\/wp-content\/uploads\/2021\/04\/Tavola-da-disegno-\u2013-13-2.png\"><img loading=\"lazy\" decoding=\"async\" class=\"alignnone size-medium wp-image-5967\" src=\"https:\/\/eraclitea.eu\/sitoweb\/wp-content\/uploads\/2021\/04\/Tavola-da-disegno-\u2013-13-2-300x300.png\" alt=\"\" width=\"300\" height=\"300\" \/><\/a><\/td>\n<td style=\"width: 147.841px;\">\n<h4>A chi \u00e8 rivolto:<\/h4>\n<\/td>\n<td style=\"width: 515.114px;\">Addetti antincendio in attivit\u00e0 di &#8220;livello 1&#8221; gi\u00e0 in possesso della formazione di base che devono svolgere il<strong> corso di aggiornamento quinquennale obbligatorio.<\/strong><\/td>\n<\/tr>\n<\/tbody>\n<\/table>\n<h3><\/h3>\n<p>&nbsp;<\/p>\n<h3>Obiettivi del corso<\/h3>\n<p class=\"viewPar BLOBAlignJustify\">Aggiornare e migliorare le competenze necessarie per prevenire gli incendi, gestire le emergenze e predisporre un&#8217;efficace lotta antincendio a soggetti che operano in contesti aziendali in cui si svolgono attivit\u00e0 classificate &#8220;livello1&#8221; ex rischio basso.<br \/>\nL&#8217;approfondimento degli argomenti sar\u00e0 in funzione dalla tipologia dei partecipanti al corso, al fine di fornire indicazioni specifiche relative alle attivit\u00e0 da loro stessi svolte sul luogo di lavoro.<\/p>\n<p>Conformemente a quanto stabilito dall\u2019art. 37, comma 9, del decreto legislativo 9 aprile 2008, n. 81, il datore di lavoro assicura la formazione e l&#8217;aggiornamento degli addetti al servizio antincendio, secondo quanto previsto dall&#8217;art. 5 e dall&#8217;allegato III del Decreto del Ministero dell&#8217;Interno del 2 settembre 2022.<\/p>\n<p>L\u2019aggiornamento pu\u00f2 essere costituito da sole esercitazioni pratiche.<\/p>\n<p>&nbsp;<\/p>\n<h3><\/h3>\n<h3>Programma<\/h3>\n<div class='et-learn-more clearfix'>\n\t\t\t\t\t<h3 class='heading-more'>ESERCITAZIONI PRATICHE<span class='et_learnmore_arrow'><span><\/span><\/span><\/h3>\n\t\t\t\t\t<div class='learn-more-content'><ul>\n<li>presa visione delle misure di sorveglianza su impianti, attrezzature e sistemi di sicurezza antincendio;<\/li>\n<li>chiarimenti sugli estintori portatili;<\/li>\n<li>esercitazioni sull&#8217;uso degli estintori portatili;<\/li>\n<li>presa visione del registro antincendio e delle misure di sorveglianza su impianti, attrezzature e sistemi di sicurezza antincendio;<\/li>\n<li>esercitazione riguardante l\u2019attivit\u00e0 di sorveglianza.<\/li>\n<\/ul>\n<div><\/div>\n\t\t\t\t<\/div><\/div>\n<div class='et-learn-more clearfix'>\n\t\t\t\t\t<h3 class='heading-more'>ATTESTAZIONE FINALE<span class='et_learnmore_arrow'><span><\/span><\/span><\/h3>\n\t\t\t\t\t<div class='learn-more-content'><p class=\"p1\">Al termine dell&#8217;attivit\u00e0 formativa si sosterr\u00e0 una verifica volta ad accertare i risultati raggiunti, al termine della quale verr\u00e0 rilasciato un attestato di frequenza.<\/div>\n\t\t\t\t<\/div>\n","protected":false},"excerpt":{"rendered":"<h4>2 ore<\/h4>\n<p>Articolo 37 del D.lgs. 81\/08 e D.M. 2 settembre 2021<\/p>\n","protected":false},"featured_media":6942,"comment_status":"open","ping_status":"closed","template":"","meta":{"_et_pb_use_builder":"off","_et_pb_old_content":"OBIETTIVI DEL CORSO\r\n\r\nIl corso di qualifica per Operatore Socio Sanitario \u00e8 volto a formare operatori in grado di intervenire nelle situazioni caratterizzate da mancanza temporanea e\/o permanente di autonomia psicofisica. Grazie alla formazione teorico-pratica e al tirocinio pratico, gli allievi avranno l\u2019opportunit\u00e0 di sviluppare competenze professionali volte a:\r\n<ul>\r\n \t<li>identificare, classificare ed interpretare le problematiche delle diverse tipologie di utenze (minori, anziani, persone con disabilit\u00e0, pazienti oncologici);<\/li>\r\n \t<li>conoscere l\u2019organizzazione dei servizi sociali e sanitari; acquisire elementi di igiene e prevenzione e di anatomia, fisiologia e dietetica;<\/li>\r\n \t<li>identificare gli elementi necessari alla pianificazione dell\u2019assistenza e applicare le conoscenze acquisite per mantenere un ambiente terapeutico adeguato alla cura della persona e per applicare le diverse metodologie operative di carattere sanitario sugli assistiti.<\/li>\r\n<\/ul>\r\nIL CORSO E\u2019 ACCREDITATO DALLA REGIONE SICILIANA, ASSESSORATO ALLA SALUTE, AI SENSI DEL DECRETO DEL 12 AGOSTO 2020 (GURS N. 45\/2020) e ACCORDO STATO REGIONI DEL 22 FEBBRAIO 2001.\r\n\r\nPROGRAMMA \u2013 le materie di insegnamento sono articolate nelle seguenti aree disciplinari","_et_gb_content_width":"","_joinchat":[]},"product_cat":[137,36],"product_tag":[],"class_list":["post-4425","product","type-product","status-publish","has-post-thumbnail","hentry","product_cat-aggiornamento","product_cat-sicurezza-sul-lavoro"],"yoast_head":"<!-- This site is optimized with the Yoast SEO plugin v21.5 - https:\/\/yoast.com\/wordpress\/plugins\/seo\/ -->\n<title>Addetti antincendio in attivit\u00e0 di livello 1 - Accademia Eraclitea<\/title>\n<meta name=\"robots\" content=\"index, follow, max-snippet:-1, max-image-preview:large, max-video-preview:-1\" \/>\n<link rel=\"canonical\" href=\"https:\/\/eraclitea.eu\/sitoweb\/prodotto\/addetti-antincendio-in-attivita-di-livello-1\/\" \/>\n<meta property=\"og:locale\" content=\"it_IT\" \/>\n<meta property=\"og:type\" content=\"article\" \/>\n<meta property=\"og:title\" content=\"Addetti antincendio in attivit\u00e0 di livello 1 - Accademia Eraclitea\" \/>\n<meta property=\"og:description\" content=\"2 ore Articolo 37 del D.lgs. 81\/08 e D.M. 2 settembre 2021\" \/>\n<meta property=\"og:url\" content=\"https:\/\/eraclitea.eu\/sitoweb\/prodotto\/addetti-antincendio-in-attivita-di-livello-1\/\" \/>\n<meta property=\"og:site_name\" content=\"Accademia Eraclitea\" \/>\n<meta property=\"article:modified_time\" content=\"2022-11-01T11:34:59+00:00\" \/>\n<meta property=\"og:image\" content=\"https:\/\/eraclitea.eu\/sitoweb\/wp-content\/uploads\/2021\/03\/Sicurezza-sul-lavoro-\u2013-8@2x.png\" \/>\n\t<meta property=\"og:image:width\" content=\"350\" \/>\n\t<meta property=\"og:image:height\" content=\"200\" \/>\n\t<meta property=\"og:image:type\" content=\"image\/png\" \/>\n<meta name=\"twitter:card\" content=\"summary_large_image\" \/>\n<meta name=\"twitter:label1\" content=\"Tempo di lettura stimato\" \/>\n\t<meta name=\"twitter:data1\" content=\"2 minuti\" \/>\n<script type=\"application\/ld+json\" class=\"yoast-schema-graph\">{\"@context\":\"https:\/\/schema.org\",\"@graph\":[{\"@type\":\"WebPage\",\"@id\":\"https:\/\/eraclitea.eu\/sitoweb\/prodotto\/addetti-antincendio-in-attivita-di-livello-1\/\",\"url\":\"https:\/\/eraclitea.eu\/sitoweb\/prodotto\/addetti-antincendio-in-attivita-di-livello-1\/\",\"name\":\"Addetti antincendio in attivit\u00e0 di livello 1 - Accademia Eraclitea\",\"isPartOf\":{\"@id\":\"https:\/\/eraclitea.eu\/sitoweb\/#website\"},\"datePublished\":\"2021-03-31T15:38:16+00:00\",\"dateModified\":\"2022-11-01T11:34:59+00:00\",\"breadcrumb\":{\"@id\":\"https:\/\/eraclitea.eu\/sitoweb\/prodotto\/addetti-antincendio-in-attivita-di-livello-1\/#breadcrumb\"},\"inLanguage\":\"it-IT\",\"potentialAction\":[{\"@type\":\"ReadAction\",\"target\":[\"https:\/\/eraclitea.eu\/sitoweb\/prodotto\/addetti-antincendio-in-attivita-di-livello-1\/\"]}]},{\"@type\":\"BreadcrumbList\",\"@id\":\"https:\/\/eraclitea.eu\/sitoweb\/prodotto\/addetti-antincendio-in-attivita-di-livello-1\/#breadcrumb\",\"itemListElement\":[{\"@type\":\"ListItem\",\"position\":1,\"name\":\"Home\",\"item\":\"https:\/\/eraclitea.eu\/sitoweb\/\"},{\"@type\":\"ListItem\",\"position\":2,\"name\":\"Corsi\",\"item\":\"https:\/\/eraclitea.eu\/sitoweb\/corsi\/\"},{\"@type\":\"ListItem\",\"position\":3,\"name\":\"Addetti antincendio in attivit\u00e0 di livello 1\"}]},{\"@type\":\"WebSite\",\"@id\":\"https:\/\/eraclitea.eu\/sitoweb\/#website\",\"url\":\"https:\/\/eraclitea.eu\/sitoweb\/\",\"name\":\"Accademia Eraclitea\",\"description\":\"Ente di Formazione e Ricerca Accreditato\",\"potentialAction\":[{\"@type\":\"SearchAction\",\"target\":{\"@type\":\"EntryPoint\",\"urlTemplate\":\"https:\/\/eraclitea.eu\/sitoweb\/?s={search_term_string}\"},\"query-input\":\"required name=search_term_string\"}],\"inLanguage\":\"it-IT\"}]}<\/script>\n<!-- \/ Yoast SEO plugin. -->","yoast_head_json":{"title":"Addetti antincendio in attivit\u00e0 di livello 1 - Accademia Eraclitea","robots":{"index":"index","follow":"follow","max-snippet":"max-snippet:-1","max-image-preview":"max-image-preview:large","max-video-preview":"max-video-preview:-1"},"canonical":"https:\/\/eraclitea.eu\/sitoweb\/prodotto\/addetti-antincendio-in-attivita-di-livello-1\/","og_locale":"it_IT","og_type":"article","og_title":"Addetti antincendio in attivit\u00e0 di livello 1 - Accademia Eraclitea","og_description":"2 ore Articolo 37 del D.lgs. 81\/08 e D.M. 2 settembre 2021","og_url":"https:\/\/eraclitea.eu\/sitoweb\/prodotto\/addetti-antincendio-in-attivita-di-livello-1\/","og_site_name":"Accademia Eraclitea","article_modified_time":"2022-11-01T11:34:59+00:00","og_image":[{"width":350,"height":200,"url":"https:\/\/eraclitea.eu\/sitoweb\/wp-content\/uploads\/2021\/03\/Sicurezza-sul-lavoro-\u2013-8@2x.png","type":"image\/png"}],"twitter_card":"summary_large_image","twitter_misc":{"Tempo di lettura stimato":"2 minuti"},"schema":{"@context":"https:\/\/schema.org","@graph":[{"@type":"WebPage","@id":"https:\/\/eraclitea.eu\/sitoweb\/prodotto\/addetti-antincendio-in-attivita-di-livello-1\/","url":"https:\/\/eraclitea.eu\/sitoweb\/prodotto\/addetti-antincendio-in-attivita-di-livello-1\/","name":"Addetti antincendio in attivit\u00e0 di livello 1 - Accademia Eraclitea","isPartOf":{"@id":"https:\/\/eraclitea.eu\/sitoweb\/#website"},"datePublished":"2021-03-31T15:38:16+00:00","dateModified":"2022-11-01T11:34:59+00:00","breadcrumb":{"@id":"https:\/\/eraclitea.eu\/sitoweb\/prodotto\/addetti-antincendio-in-attivita-di-livello-1\/#breadcrumb"},"inLanguage":"it-IT","potentialAction":[{"@type":"ReadAction","target":["https:\/\/eraclitea.eu\/sitoweb\/prodotto\/addetti-antincendio-in-attivita-di-livello-1\/"]}]},{"@type":"BreadcrumbList","@id":"https:\/\/eraclitea.eu\/sitoweb\/prodotto\/addetti-antincendio-in-attivita-di-livello-1\/#breadcrumb","itemListElement":[{"@type":"ListItem","position":1,"name":"Home","item":"https:\/\/eraclitea.eu\/sitoweb\/"},{"@type":"ListItem","position":2,"name":"Corsi","item":"https:\/\/eraclitea.eu\/sitoweb\/corsi\/"},{"@type":"ListItem","position":3,"name":"Addetti antincendio in attivit\u00e0 di livello 1"}]},{"@type":"WebSite","@id":"https:\/\/eraclitea.eu\/sitoweb\/#website","url":"https:\/\/eraclitea.eu\/sitoweb\/","name":"Accademia Eraclitea","description":"Ente di Formazione e Ricerca Accreditato","potentialAction":[{"@type":"SearchAction","target":{"@type":"EntryPoint","urlTemplate":"https:\/\/eraclitea.eu\/sitoweb\/?s={search_term_string}"},"query-input":"required name=search_term_string"}],"inLanguage":"it-IT"}]}},"_links":{"self":[{"href":"https:\/\/eraclitea.eu\/sitoweb\/wp-json\/wp\/v2\/product\/4425","targetHints":{"allow":["GET"]}}],"collection":[{"href":"https:\/\/eraclitea.eu\/sitoweb\/wp-json\/wp\/v2\/product"}],"about":[{"href":"https:\/\/eraclitea.eu\/sitoweb\/wp-json\/wp\/v2\/types\/product"}],"replies":[{"embeddable":true,"href":"https:\/\/eraclitea.eu\/sitoweb\/wp-json\/wp\/v2\/comments?post=4425"}],"wp:featuredmedia":[{"embeddable":true,"href":"https:\/\/eraclitea.eu\/sitoweb\/wp-json\/wp\/v2\/media\/6942"}],"wp:attachment":[{"href":"https:\/\/eraclitea.eu\/sitoweb\/wp-json\/wp\/v2\/media?parent=4425"}],"wp:term":[{"taxonomy":"product_cat","embeddable":true,"href":"https:\/\/eraclitea.eu\/sitoweb\/wp-json\/wp\/v2\/product_cat?post=4425"},{"taxonomy":"product_tag","embeddable":true,"href":"https:\/\/eraclitea.eu\/sitoweb\/wp-json\/wp\/v2\/product_tag?post=4425"}],"curies":[{"name":"wp","href":"https:\/\/api.w.org\/{rel}","templated":true}]}}