{"id":4514,"date":"2021-04-01T10:56:37","date_gmt":"2021-04-01T10:56:37","guid":{"rendered":"https:\/\/eraclitea.it\/eracliteait\/?post_type=product&#038;p=4514"},"modified":"2021-05-25T13:07:58","modified_gmt":"2021-05-25T13:07:58","slug":"patentino-per-saldatori","status":"publish","type":"product","link":"https:\/\/eraclitea.eu\/sitoweb\/prodotto\/patentino-per-saldatori\/","title":{"rendered":"Patentino per saldatori"},"content":{"rendered":"<table style=\"border: 0px; height: 244px; width: 721px;\">\n<tbody>\n<tr>\n<td style=\"width: 38.75px;\"><a href=\"https:\/\/eraclitea.eu\/sitoweb\/wp-content\/uploads\/2021\/01\/orolo2.png\"><img loading=\"lazy\" decoding=\"async\" class=\"alignnone wp-image-887 \" src=\"https:\/\/eraclitea.eu\/sitoweb\/wp-content\/uploads\/2021\/03\/tempo.png\" alt=\"\" width=\"33\" height=\"33\" \/><\/a><\/td>\n<td style=\"width: 147.841px;\">\n<h4 class=\"et_pb_module_header\">Durata del corso:<\/h4>\n<\/td>\n<td style=\"width: 515.114px;\">Esami in sede<\/td>\n<\/tr>\n<tr>\n<td style=\"width: 38.75px;\"><a href=\"https:\/\/eraclitea.eu\/sitoweb\/wp-content\/uploads\/2021\/03\/Tavola-da-disegno-\u2013-13.png\"><img loading=\"lazy\" decoding=\"async\" class=\"alignnone wp-image-3710 \" src=\"https:\/\/eraclitea.eu\/sitoweb\/wp-content\/uploads\/2021\/03\/Tavola-da-disegno-\u2013-13-300x300.png\" alt=\"\" width=\"39\" height=\"39\" srcset=\"https:\/\/eraclitea.eu\/sitoweb\/wp-content\/uploads\/2021\/03\/Tavola-da-disegno-\u2013-13-300x300.png 300w, https:\/\/eraclitea.eu\/sitoweb\/wp-content\/uploads\/2021\/03\/Tavola-da-disegno-\u2013-13-150x150.png 150w, https:\/\/eraclitea.eu\/sitoweb\/wp-content\/uploads\/2021\/03\/Tavola-da-disegno-\u2013-13-100x100.png 100w, https:\/\/eraclitea.eu\/sitoweb\/wp-content\/uploads\/2021\/03\/Tavola-da-disegno-\u2013-13-64x64.png 64w, https:\/\/eraclitea.eu\/sitoweb\/wp-content\/uploads\/2021\/03\/Tavola-da-disegno-\u2013-13.png 400w\" sizes=\"auto, (max-width: 39px) 100vw, 39px\" \/><\/a><\/td>\n<td style=\"width: 147.841px;\">\n<h4>N. Partecipanti:<\/h4>\n<\/td>\n<td style=\"width: 515.114px;\">Max 6 ogni sessione di esami<\/td>\n<\/tr>\n<tr>\n<td style=\"width: 38.75px;\"><a href=\"https:\/\/eraclitea.eu\/sitoweb\/wp-content\/uploads\/2021\/04\/Tavola-da-disegno-\u2013-13-2.png\"><img loading=\"lazy\" decoding=\"async\" class=\"alignnone size-medium wp-image-5967\" src=\"https:\/\/eraclitea.eu\/sitoweb\/wp-content\/uploads\/2021\/04\/Tavola-da-disegno-\u2013-13-2-300x300.png\" alt=\"\" width=\"300\" height=\"300\" \/><\/a><\/td>\n<td style=\"width: 147.841px;\">\n<h4>A chi \u00e8 rivolto:<\/h4>\n<\/td>\n<td style=\"width: 515.114px;\">A tutte le persone che vogliono lavorare nel settore della saldatura<\/td>\n<\/tr>\n<\/tbody>\n<\/table>\n<div class=\"et_pb_module et_pb_blurb et_pb_blurb_1_tb_body et_pb_text_align_left et_pb_blurb_position_left et_pb_bg_layout_light\"><\/div>\n<div><\/div>\n<div><\/div>\n<h3>Patentino saldatori<\/h3>\n<p>La saldatura \u00e8 oggi a tutti gli effetti una professione specialistica. Le nuove normative europee impongono, infatti, che i saldatori dipendenti e gli artigiani (idraulici, frigoristi, impiantisti, fabbri, ecc.) siano in possesso di un apposito \u201cpatentino\u201d, rilasciato da uno degli enti certificatori autorizzati.<\/p>\n<p><strong><em>La qualifica del saldatore ha molte variabili: processo di saldatura (elettrodo, TIG, MIG\/MAG &#8230;), materiale da saldare e d\u2019apporto (materiale metallico, plastico\u2026.), dimensioni, ecc.<\/em><\/strong><\/p>\n<p>Il saldatore potr\u00e0 sostenere l&#8217;esame per la\u00a0Certificazione del Saldatore\u00a0(comunemente chiamato\u00a0patentino) come da normativa europea\u00a0EN ISO 9606\u00a0(saldatura materiale metallico) e UNI 9737 (materie plastiche).<\/p>\n<p>ll\u00a0Patentino di Saldatura\u00a0\u00e8 un riconoscimento formale della professionalit\u00e0 del Saldatore ed \u00e8 indispensabile per le aziende che operano in accordo alle vigenti normative che coinvolgono la qualit\u00e0 delle saldature.<\/p>\n<p>&nbsp;<\/p>\n<h3>Verifica finale<\/h3>\n<p>L\u2019esame di certificazione sar\u00e0 preceduto da un\u00a0 breve corso\u00a0 teorico\/pratico \u00e8 rivolto a fornire tutte le conoscenze e le tecniche operative per una corretta esecuzione delle saldature\u00a0secondo il procedimento di saldatore scelto dal candidato. Per tutti coloro che vantano esperienza consolidata nella mansione di saldatore, \u00e8 possibile sostenere direttamente l\u2019esame per ottenere la certificazione.<\/p>\n<p>&nbsp;<\/p>\n<h3>Certificazione<\/h3>\n<p>Certificazione (Patentino) di saldatura, valida in tutta Europa, rilasciato \u00a0da un Ente certificato accreditato presso ACCREDIA secondo la norma prescelta rilascialo.<\/p>\n<p>&nbsp;<\/p>\n<p>&nbsp;<\/p>\n<p><code><\/code><\/p>\n","protected":false},"excerpt":{"rendered":"<h4>Esami in sede<\/h4>\n<p>Varie tipologie di patentino per le persone che vogliono lavorare nel settore della saldatura<\/p>\n","protected":false},"featured_media":5307,"comment_status":"open","ping_status":"closed","template":"","meta":{"_et_pb_use_builder":"off","_et_pb_old_content":"OBIETTIVI DEL CORSO\r\n\r\nIl corso di qualifica per Operatore Socio Sanitario \u00e8 volto a formare operatori in grado di intervenire nelle situazioni caratterizzate da mancanza temporanea e\/o permanente di autonomia psicofisica. Grazie alla formazione teorico-pratica e al tirocinio pratico, gli allievi avranno l\u2019opportunit\u00e0 di sviluppare competenze professionali volte a:\r\n<ul>\r\n \t<li>identificare, classificare ed interpretare le problematiche delle diverse tipologie di utenze (minori, anziani, persone con disabilit\u00e0, pazienti oncologici);<\/li>\r\n \t<li>conoscere l\u2019organizzazione dei servizi sociali e sanitari; acquisire elementi di igiene e prevenzione e di anatomia, fisiologia e dietetica;<\/li>\r\n \t<li>identificare gli elementi necessari alla pianificazione dell\u2019assistenza e applicare le conoscenze acquisite per mantenere un ambiente terapeutico adeguato alla cura della persona e per applicare le diverse metodologie operative di carattere sanitario sugli assistiti.<\/li>\r\n<\/ul>\r\nIL CORSO E\u2019 ACCREDITATO DALLA REGIONE SICILIANA, ASSESSORATO ALLA SALUTE, AI SENSI DEL DECRETO DEL 12 AGOSTO 2020 (GURS N. 45\/2020) e ACCORDO STATO REGIONI DEL 22 FEBBRAIO 2001.\r\n\r\nPROGRAMMA \u2013 le materie di insegnamento sono articolate nelle seguenti aree disciplinari","_et_gb_content_width":"","_joinchat":[]},"product_cat":[103,30],"product_tag":[],"class_list":["post-4514","product","type-product","status-publish","has-post-thumbnail","hentry","product_cat-manutenzione-e-sicurezza","product_cat-professioni-certificate"],"yoast_head":"<!-- This site is optimized with the Yoast SEO plugin v21.5 - https:\/\/yoast.com\/wordpress\/plugins\/seo\/ -->\n<title>Patentino per saldatori - Accademia Eraclitea<\/title>\n<meta name=\"robots\" content=\"index, follow, max-snippet:-1, max-image-preview:large, max-video-preview:-1\" \/>\n<link rel=\"canonical\" href=\"https:\/\/eraclitea.eu\/sitoweb\/prodotto\/patentino-per-saldatori\/\" \/>\n<meta property=\"og:locale\" content=\"it_IT\" \/>\n<meta property=\"og:type\" content=\"article\" \/>\n<meta property=\"og:title\" content=\"Patentino per saldatori - Accademia Eraclitea\" \/>\n<meta property=\"og:description\" content=\"Esami in sede Varie tipologie di patentino per le persone che vogliono lavorare nel settore della saldatura\" \/>\n<meta property=\"og:url\" content=\"https:\/\/eraclitea.eu\/sitoweb\/prodotto\/patentino-per-saldatori\/\" \/>\n<meta property=\"og:site_name\" content=\"Accademia Eraclitea\" \/>\n<meta property=\"article:modified_time\" content=\"2021-05-25T13:07:58+00:00\" \/>\n<meta property=\"og:image\" content=\"https:\/\/eraclitea.eu\/sitoweb\/wp-content\/uploads\/2021\/04\/Patentino-per-saldatori@2x.png\" \/>\n\t<meta property=\"og:image:width\" content=\"350\" \/>\n\t<meta property=\"og:image:height\" content=\"200\" \/>\n\t<meta property=\"og:image:type\" content=\"image\/png\" \/>\n<meta name=\"twitter:card\" content=\"summary_large_image\" \/>\n<meta name=\"twitter:label1\" content=\"Tempo di lettura stimato\" \/>\n\t<meta name=\"twitter:data1\" content=\"2 minuti\" \/>\n<script type=\"application\/ld+json\" class=\"yoast-schema-graph\">{\"@context\":\"https:\/\/schema.org\",\"@graph\":[{\"@type\":\"WebPage\",\"@id\":\"https:\/\/eraclitea.eu\/sitoweb\/prodotto\/patentino-per-saldatori\/\",\"url\":\"https:\/\/eraclitea.eu\/sitoweb\/prodotto\/patentino-per-saldatori\/\",\"name\":\"Patentino per saldatori - Accademia Eraclitea\",\"isPartOf\":{\"@id\":\"https:\/\/eraclitea.eu\/sitoweb\/#website\"},\"datePublished\":\"2021-04-01T10:56:37+00:00\",\"dateModified\":\"2021-05-25T13:07:58+00:00\",\"breadcrumb\":{\"@id\":\"https:\/\/eraclitea.eu\/sitoweb\/prodotto\/patentino-per-saldatori\/#breadcrumb\"},\"inLanguage\":\"it-IT\",\"potentialAction\":[{\"@type\":\"ReadAction\",\"target\":[\"https:\/\/eraclitea.eu\/sitoweb\/prodotto\/patentino-per-saldatori\/\"]}]},{\"@type\":\"BreadcrumbList\",\"@id\":\"https:\/\/eraclitea.eu\/sitoweb\/prodotto\/patentino-per-saldatori\/#breadcrumb\",\"itemListElement\":[{\"@type\":\"ListItem\",\"position\":1,\"name\":\"Home\",\"item\":\"https:\/\/eraclitea.eu\/sitoweb\/\"},{\"@type\":\"ListItem\",\"position\":2,\"name\":\"Corsi\",\"item\":\"https:\/\/eraclitea.eu\/sitoweb\/corsi\/\"},{\"@type\":\"ListItem\",\"position\":3,\"name\":\"Patentino per saldatori\"}]},{\"@type\":\"WebSite\",\"@id\":\"https:\/\/eraclitea.eu\/sitoweb\/#website\",\"url\":\"https:\/\/eraclitea.eu\/sitoweb\/\",\"name\":\"Accademia Eraclitea\",\"description\":\"Ente di Formazione e Ricerca Accreditato\",\"potentialAction\":[{\"@type\":\"SearchAction\",\"target\":{\"@type\":\"EntryPoint\",\"urlTemplate\":\"https:\/\/eraclitea.eu\/sitoweb\/?s={search_term_string}\"},\"query-input\":\"required name=search_term_string\"}],\"inLanguage\":\"it-IT\"}]}<\/script>\n<!-- \/ Yoast SEO plugin. -->","yoast_head_json":{"title":"Patentino per saldatori - Accademia Eraclitea","robots":{"index":"index","follow":"follow","max-snippet":"max-snippet:-1","max-image-preview":"max-image-preview:large","max-video-preview":"max-video-preview:-1"},"canonical":"https:\/\/eraclitea.eu\/sitoweb\/prodotto\/patentino-per-saldatori\/","og_locale":"it_IT","og_type":"article","og_title":"Patentino per saldatori - Accademia Eraclitea","og_description":"Esami in sede Varie tipologie di patentino per le persone che vogliono lavorare nel settore della saldatura","og_url":"https:\/\/eraclitea.eu\/sitoweb\/prodotto\/patentino-per-saldatori\/","og_site_name":"Accademia Eraclitea","article_modified_time":"2021-05-25T13:07:58+00:00","og_image":[{"width":350,"height":200,"url":"https:\/\/eraclitea.eu\/sitoweb\/wp-content\/uploads\/2021\/04\/Patentino-per-saldatori@2x.png","type":"image\/png"}],"twitter_card":"summary_large_image","twitter_misc":{"Tempo di lettura stimato":"2 minuti"},"schema":{"@context":"https:\/\/schema.org","@graph":[{"@type":"WebPage","@id":"https:\/\/eraclitea.eu\/sitoweb\/prodotto\/patentino-per-saldatori\/","url":"https:\/\/eraclitea.eu\/sitoweb\/prodotto\/patentino-per-saldatori\/","name":"Patentino per saldatori - Accademia Eraclitea","isPartOf":{"@id":"https:\/\/eraclitea.eu\/sitoweb\/#website"},"datePublished":"2021-04-01T10:56:37+00:00","dateModified":"2021-05-25T13:07:58+00:00","breadcrumb":{"@id":"https:\/\/eraclitea.eu\/sitoweb\/prodotto\/patentino-per-saldatori\/#breadcrumb"},"inLanguage":"it-IT","potentialAction":[{"@type":"ReadAction","target":["https:\/\/eraclitea.eu\/sitoweb\/prodotto\/patentino-per-saldatori\/"]}]},{"@type":"BreadcrumbList","@id":"https:\/\/eraclitea.eu\/sitoweb\/prodotto\/patentino-per-saldatori\/#breadcrumb","itemListElement":[{"@type":"ListItem","position":1,"name":"Home","item":"https:\/\/eraclitea.eu\/sitoweb\/"},{"@type":"ListItem","position":2,"name":"Corsi","item":"https:\/\/eraclitea.eu\/sitoweb\/corsi\/"},{"@type":"ListItem","position":3,"name":"Patentino per saldatori"}]},{"@type":"WebSite","@id":"https:\/\/eraclitea.eu\/sitoweb\/#website","url":"https:\/\/eraclitea.eu\/sitoweb\/","name":"Accademia Eraclitea","description":"Ente di Formazione e Ricerca Accreditato","potentialAction":[{"@type":"SearchAction","target":{"@type":"EntryPoint","urlTemplate":"https:\/\/eraclitea.eu\/sitoweb\/?s={search_term_string}"},"query-input":"required name=search_term_string"}],"inLanguage":"it-IT"}]}},"_links":{"self":[{"href":"https:\/\/eraclitea.eu\/sitoweb\/wp-json\/wp\/v2\/product\/4514","targetHints":{"allow":["GET"]}}],"collection":[{"href":"https:\/\/eraclitea.eu\/sitoweb\/wp-json\/wp\/v2\/product"}],"about":[{"href":"https:\/\/eraclitea.eu\/sitoweb\/wp-json\/wp\/v2\/types\/product"}],"replies":[{"embeddable":true,"href":"https:\/\/eraclitea.eu\/sitoweb\/wp-json\/wp\/v2\/comments?post=4514"}],"wp:featuredmedia":[{"embeddable":true,"href":"https:\/\/eraclitea.eu\/sitoweb\/wp-json\/wp\/v2\/media\/5307"}],"wp:attachment":[{"href":"https:\/\/eraclitea.eu\/sitoweb\/wp-json\/wp\/v2\/media?parent=4514"}],"wp:term":[{"taxonomy":"product_cat","embeddable":true,"href":"https:\/\/eraclitea.eu\/sitoweb\/wp-json\/wp\/v2\/product_cat?post=4514"},{"taxonomy":"product_tag","embeddable":true,"href":"https:\/\/eraclitea.eu\/sitoweb\/wp-json\/wp\/v2\/product_tag?post=4514"}],"curies":[{"name":"wp","href":"https:\/\/api.w.org\/{rel}","templated":true}]}}