{"id":4576,"date":"2021-04-01T14:37:20","date_gmt":"2021-04-01T14:37:20","guid":{"rendered":"https:\/\/eraclitea.it\/eracliteait\/?post_type=product&#038;p=4576"},"modified":"2021-05-25T14:31:04","modified_gmt":"2021-05-25T14:31:04","slug":"aspirante-guardia-giurata-di-livello-avanzato","status":"publish","type":"product","link":"https:\/\/eraclitea.eu\/sitoweb\/prodotto\/aspirante-guardia-giurata-di-livello-avanzato\/","title":{"rendered":"Aspirante guardia giurata di livello avanzato"},"content":{"rendered":"<table style=\"border: 0px; height: 244px; width: 721px;\">\n<tbody>\n<tr>\n<td style=\"width: 38.75px;\"><a href=\"https:\/\/eraclitea.eu\/sitoweb\/wp-content\/uploads\/2021\/01\/orolo2.png\"><img loading=\"lazy\" decoding=\"async\" class=\"alignnone wp-image-887 \" src=\"https:\/\/eraclitea.eu\/sitoweb\/wp-content\/uploads\/2021\/03\/tempo.png\" alt=\"\" width=\"33\" height=\"33\" \/><\/a><\/td>\n<td style=\"width: 147.841px;\">\n<h4 class=\"et_pb_module_header\">Durata del corso:<\/h4>\n<\/td>\n<td style=\"width: 515.114px;\">48 ore<\/td>\n<\/tr>\n<tr>\n<td style=\"width: 38.75px;\"><a href=\"https:\/\/eraclitea.eu\/sitoweb\/wp-content\/uploads\/2021\/03\/Tavola-da-disegno-\u2013-13.png\"><img loading=\"lazy\" decoding=\"async\" class=\"alignnone wp-image-3710 \" src=\"https:\/\/eraclitea.eu\/sitoweb\/wp-content\/uploads\/2021\/03\/Tavola-da-disegno-\u2013-13-300x300.png\" alt=\"\" width=\"39\" height=\"39\" srcset=\"https:\/\/eraclitea.eu\/sitoweb\/wp-content\/uploads\/2021\/03\/Tavola-da-disegno-\u2013-13-300x300.png 300w, https:\/\/eraclitea.eu\/sitoweb\/wp-content\/uploads\/2021\/03\/Tavola-da-disegno-\u2013-13-150x150.png 150w, https:\/\/eraclitea.eu\/sitoweb\/wp-content\/uploads\/2021\/03\/Tavola-da-disegno-\u2013-13-100x100.png 100w, https:\/\/eraclitea.eu\/sitoweb\/wp-content\/uploads\/2021\/03\/Tavola-da-disegno-\u2013-13-64x64.png 64w, https:\/\/eraclitea.eu\/sitoweb\/wp-content\/uploads\/2021\/03\/Tavola-da-disegno-\u2013-13.png 400w\" sizes=\"auto, (max-width: 39px) 100vw, 39px\" \/><\/a><\/td>\n<td style=\"width: 147.841px;\">\n<h4>N. Partecipanti:<\/h4>\n<\/td>\n<td style=\"width: 515.114px;\"><\/td>\n<\/tr>\n<tr>\n<td style=\"width: 38.75px;\"><a href=\"https:\/\/eraclitea.eu\/sitoweb\/wp-content\/uploads\/2021\/04\/Tavola-da-disegno-\u2013-13-2.png\"><img loading=\"lazy\" decoding=\"async\" class=\"alignnone size-medium wp-image-5967\" src=\"https:\/\/eraclitea.eu\/sitoweb\/wp-content\/uploads\/2021\/04\/Tavola-da-disegno-\u2013-13-2-300x300.png\" alt=\"\" width=\"300\" height=\"300\" \/><\/a><\/td>\n<td style=\"width: 147.841px;\">\n<h4>A chi \u00e8 rivolto:<\/h4>\n<\/td>\n<td style=\"width: 515.114px;\">Addetti alle Centrali operative degli Istituti di vigilanza.<\/td>\n<\/tr>\n<\/tbody>\n<\/table>\n<p>&nbsp;<\/p>\n<p>&nbsp;<\/p>\n<div>\n<h3>\nObiettivi del corso<\/h3>\n<p>La Guardia Guardia Particolare Giurata (G.P.G.), deve possedere i requisiti psico-fisico-attitudinali, morali, legali e tecnici utili al fine di ottenere la qualifica rilasciata dal Prefetto competente territorialmente per poter tutelare i beni, mobili ed immobili di privati o enti anche pubblici sensi dell&#8217;art. 133 del T.U.L.P.S.<\/p>\n<p>In questi ultimi anni la Guardia Giurata ha assunto un ruolo sociale sempre pi\u00f9 importante nell\u2019ambito della sicurezza, al punto da meritare una regolamentazione specifica anche per la sua formazione tramite il Decreto Ministeriale del 1 dicembre 2010 n. 269.<\/p>\n<p>Il corso per aspirante Guardia Particolare Giurata si propone di fornire la preparazione preventiva quale ottima base di partenza per la richiesta di assunzione presso qualunque Istituto di Vigilanza, al quale avr\u00e0 cos\u00ec modo di presentarsi con una precisa formazione professionale che potr\u00e0 dare un ottimo vantaggio nelle selezioni rispetto a coloro che giungono agli Istituti privi di specifica formazione.<\/p>\n<p>&nbsp;<\/p>\n<\/div>\n<ul>\n<li>conoscenza delle norme che regolano l&#8217;attivit\u00e0 di vigilanza privata e le mansioni di guardia particolare giurata, nonch\u00e9, quelle sulla sicurezza sul lavoro;<\/li>\n<li>conoscenza delle prescrizioni ed apprendimento teorico delle tecniche operative per l&#8217;esecuzione dei servizi;<\/li>\n<li>conoscenza dell\u2019organizzazione aziendale e descrizione delle modalit\u00e0 di organizzazione delle varie tipologie dei servizi:<\/li>\n<li>acquisizione delle conoscenze tecniche operative relative all&#8217;uso, maneggio, cura e custodia delle armi;<\/li>\n<li>addestramento all\u2019utilizzo degli apparati ricetrasmittenti, nonch\u00e9 di ogni altra apparecchiatura tecnologica utilizzata quale dotazione;<\/li>\n<li>conoscenza approfondita delle norme del T.U.L.P.S. in materia di vigilanza privata;<\/li>\n<li>regolamento di attuazione e decreti collegati nonch\u00e9 prescrizioni emanate dall\u2019Autorit\u00e0 di P.S.;<\/li>\n<li>nozioni di diritto e procedura penale con approfondimento degli aspetti normativi relativi all\u2019uso legittimo delle armi, porto, trasporto, uso, custodia e detenzione armi;<\/li>\n<li>Psicologia comportamentale;<\/li>\n<li>Comunicazione non verbale;<\/li>\n<li>nozioni di diritto costituzionale;<\/li>\n<li>contrattazione collettiva di comparto;<\/li>\n<li>legislazione in materia di lavoro;<\/li>\n<li>aspetti etico professionali;<\/li>\n<li>servizi antirapina;<\/li>\n<li>trasporto e scorta valori;<\/li>\n<li>analisti di alcuni fatti di cronaca riguardanti i reati contro il patrimonio accaduti, tecniche e le strategie per prevenire ovvero contrastare adeguatamente le azioni criminose;<\/li>\n<li>Stage presso istituto di vigilanza: conoscenza delle prescrizioni ed apprendimento pratico delle tecniche operative per l&#8217;esecuzione dei servizi.<\/li>\n<\/ul>\n<h3><\/h3>\n<h3>Certificazione<\/h3>\n<ul>\n<li>Attestato di frequenza al corso di \u201cASPIRANTE GUARDIA PARTICOLARE GIURATA\u201d ai sensi del Decreto Ministeriale del 1 dicembre 2010 n. 269;<\/li>\n<li>Attestato di tecniche antiterrorismo;<\/li>\n<li>Attestato di tecniche antirapina;<\/li>\n<li>Attestato di stage rilasciato dall&#8217;Istituto di vigilanza.<\/li>\n<\/ul>\n","protected":false},"excerpt":{"rendered":"<h4>48 ore<\/h4>\n<p>Il corso per aspirante Guardia Particolare Giurata si propone di fornire la preparazione preventiva quale ottima base di partenza per la richiesta di assunzione presso qualunque Istituto di Vigilanza, al quale avr\u00e0 cos\u00ec modo di presentarsi con una precisa formazione professionale che potr\u00e0 dare un ottimo vantaggio nelle selezioni rispetto a coloro che giungono agli Istituti privi di specifica formazione.<\/p>\n<p>&nbsp;<\/p>\n<p>&nbsp;<\/p>\n","protected":false},"featured_media":4967,"comment_status":"open","ping_status":"closed","template":"","meta":{"_et_pb_use_builder":"off","_et_pb_old_content":"OBIETTIVI DEL CORSO\r\n\r\nIl corso di qualifica per Operatore Socio Sanitario \u00e8 volto a formare operatori in grado di intervenire nelle situazioni caratterizzate da mancanza temporanea e\/o permanente di autonomia psicofisica. Grazie alla formazione teorico-pratica e al tirocinio pratico, gli allievi avranno l\u2019opportunit\u00e0 di sviluppare competenze professionali volte a:\r\n<ul>\r\n \t<li>identificare, classificare ed interpretare le problematiche delle diverse tipologie di utenze (minori, anziani, persone con disabilit\u00e0, pazienti oncologici);<\/li>\r\n \t<li>conoscere l\u2019organizzazione dei servizi sociali e sanitari; acquisire elementi di igiene e prevenzione e di anatomia, fisiologia e dietetica;<\/li>\r\n \t<li>identificare gli elementi necessari alla pianificazione dell\u2019assistenza e applicare le conoscenze acquisite per mantenere un ambiente terapeutico adeguato alla cura della persona e per applicare le diverse metodologie operative di carattere sanitario sugli assistiti.<\/li>\r\n<\/ul>\r\nIL CORSO E\u2019 ACCREDITATO DALLA REGIONE SICILIANA, ASSESSORATO ALLA SALUTE, AI SENSI DEL DECRETO DEL 12 AGOSTO 2020 (GURS N. 45\/2020) e ACCORDO STATO REGIONI DEL 22 FEBBRAIO 2001.\r\n\r\nPROGRAMMA \u2013 le materie di insegnamento sono articolate nelle seguenti aree disciplinari","_et_gb_content_width":"","_joinchat":[]},"product_cat":[38],"product_tag":[],"class_list":["post-4576","product","type-product","status-publish","has-post-thumbnail","hentry","product_cat-vigilanza-e-investigazione"],"yoast_head":"<!-- This site is optimized with the Yoast SEO plugin v21.5 - https:\/\/yoast.com\/wordpress\/plugins\/seo\/ -->\n<title>Aspirante guardia giurata di livello avanzato - Accademia Eraclitea<\/title>\n<meta name=\"robots\" content=\"index, follow, max-snippet:-1, max-image-preview:large, max-video-preview:-1\" \/>\n<link rel=\"canonical\" href=\"https:\/\/eraclitea.eu\/sitoweb\/prodotto\/aspirante-guardia-giurata-di-livello-avanzato\/\" \/>\n<meta property=\"og:locale\" content=\"it_IT\" \/>\n<meta property=\"og:type\" content=\"article\" \/>\n<meta property=\"og:title\" content=\"Aspirante guardia giurata di livello avanzato - Accademia Eraclitea\" \/>\n<meta property=\"og:description\" content=\"48 ore Il corso per aspirante Guardia Particolare Giurata si propone di fornire la preparazione preventiva quale ottima base di partenza per la richiesta di assunzione presso qualunque Istituto di Vigilanza, al quale avr\u00e0 cos\u00ec modo di presentarsi con una precisa formazione professionale che potr\u00e0 dare un ottimo vantaggio nelle selezioni rispetto a coloro che giungono agli Istituti privi di specifica formazione.  &nbsp;  &nbsp;\" \/>\n<meta property=\"og:url\" content=\"https:\/\/eraclitea.eu\/sitoweb\/prodotto\/aspirante-guardia-giurata-di-livello-avanzato\/\" \/>\n<meta property=\"og:site_name\" content=\"Accademia Eraclitea\" \/>\n<meta property=\"article:modified_time\" content=\"2021-05-25T14:31:04+00:00\" \/>\n<meta property=\"og:image\" content=\"https:\/\/eraclitea.eu\/sitoweb\/wp-content\/uploads\/2021\/04\/Guardia-giurata@2x.png\" \/>\n\t<meta property=\"og:image:width\" content=\"350\" \/>\n\t<meta property=\"og:image:height\" content=\"200\" \/>\n\t<meta property=\"og:image:type\" content=\"image\/png\" \/>\n<meta name=\"twitter:card\" content=\"summary_large_image\" \/>\n<meta name=\"twitter:label1\" content=\"Tempo di lettura stimato\" \/>\n\t<meta name=\"twitter:data1\" content=\"3 minuti\" \/>\n<script type=\"application\/ld+json\" class=\"yoast-schema-graph\">{\"@context\":\"https:\/\/schema.org\",\"@graph\":[{\"@type\":\"WebPage\",\"@id\":\"https:\/\/eraclitea.eu\/sitoweb\/prodotto\/aspirante-guardia-giurata-di-livello-avanzato\/\",\"url\":\"https:\/\/eraclitea.eu\/sitoweb\/prodotto\/aspirante-guardia-giurata-di-livello-avanzato\/\",\"name\":\"Aspirante guardia giurata di livello avanzato - Accademia Eraclitea\",\"isPartOf\":{\"@id\":\"https:\/\/eraclitea.eu\/sitoweb\/#website\"},\"datePublished\":\"2021-04-01T14:37:20+00:00\",\"dateModified\":\"2021-05-25T14:31:04+00:00\",\"breadcrumb\":{\"@id\":\"https:\/\/eraclitea.eu\/sitoweb\/prodotto\/aspirante-guardia-giurata-di-livello-avanzato\/#breadcrumb\"},\"inLanguage\":\"it-IT\",\"potentialAction\":[{\"@type\":\"ReadAction\",\"target\":[\"https:\/\/eraclitea.eu\/sitoweb\/prodotto\/aspirante-guardia-giurata-di-livello-avanzato\/\"]}]},{\"@type\":\"BreadcrumbList\",\"@id\":\"https:\/\/eraclitea.eu\/sitoweb\/prodotto\/aspirante-guardia-giurata-di-livello-avanzato\/#breadcrumb\",\"itemListElement\":[{\"@type\":\"ListItem\",\"position\":1,\"name\":\"Home\",\"item\":\"https:\/\/eraclitea.eu\/sitoweb\/\"},{\"@type\":\"ListItem\",\"position\":2,\"name\":\"Corsi\",\"item\":\"https:\/\/eraclitea.eu\/sitoweb\/corsi\/\"},{\"@type\":\"ListItem\",\"position\":3,\"name\":\"Aspirante guardia giurata di livello avanzato\"}]},{\"@type\":\"WebSite\",\"@id\":\"https:\/\/eraclitea.eu\/sitoweb\/#website\",\"url\":\"https:\/\/eraclitea.eu\/sitoweb\/\",\"name\":\"Accademia Eraclitea\",\"description\":\"Ente di Formazione e Ricerca Accreditato\",\"potentialAction\":[{\"@type\":\"SearchAction\",\"target\":{\"@type\":\"EntryPoint\",\"urlTemplate\":\"https:\/\/eraclitea.eu\/sitoweb\/?s={search_term_string}\"},\"query-input\":\"required name=search_term_string\"}],\"inLanguage\":\"it-IT\"}]}<\/script>\n<!-- \/ Yoast SEO plugin. -->","yoast_head_json":{"title":"Aspirante guardia giurata di livello avanzato - Accademia Eraclitea","robots":{"index":"index","follow":"follow","max-snippet":"max-snippet:-1","max-image-preview":"max-image-preview:large","max-video-preview":"max-video-preview:-1"},"canonical":"https:\/\/eraclitea.eu\/sitoweb\/prodotto\/aspirante-guardia-giurata-di-livello-avanzato\/","og_locale":"it_IT","og_type":"article","og_title":"Aspirante guardia giurata di livello avanzato - Accademia Eraclitea","og_description":"48 ore Il corso per aspirante Guardia Particolare Giurata si propone di fornire la preparazione preventiva quale ottima base di partenza per la richiesta di assunzione presso qualunque Istituto di Vigilanza, al quale avr\u00e0 cos\u00ec modo di presentarsi con una precisa formazione professionale che potr\u00e0 dare un ottimo vantaggio nelle selezioni rispetto a coloro che giungono agli Istituti privi di specifica formazione.  &nbsp;  &nbsp;","og_url":"https:\/\/eraclitea.eu\/sitoweb\/prodotto\/aspirante-guardia-giurata-di-livello-avanzato\/","og_site_name":"Accademia Eraclitea","article_modified_time":"2021-05-25T14:31:04+00:00","og_image":[{"width":350,"height":200,"url":"https:\/\/eraclitea.eu\/sitoweb\/wp-content\/uploads\/2021\/04\/Guardia-giurata@2x.png","type":"image\/png"}],"twitter_card":"summary_large_image","twitter_misc":{"Tempo di lettura stimato":"3 minuti"},"schema":{"@context":"https:\/\/schema.org","@graph":[{"@type":"WebPage","@id":"https:\/\/eraclitea.eu\/sitoweb\/prodotto\/aspirante-guardia-giurata-di-livello-avanzato\/","url":"https:\/\/eraclitea.eu\/sitoweb\/prodotto\/aspirante-guardia-giurata-di-livello-avanzato\/","name":"Aspirante guardia giurata di livello avanzato - Accademia Eraclitea","isPartOf":{"@id":"https:\/\/eraclitea.eu\/sitoweb\/#website"},"datePublished":"2021-04-01T14:37:20+00:00","dateModified":"2021-05-25T14:31:04+00:00","breadcrumb":{"@id":"https:\/\/eraclitea.eu\/sitoweb\/prodotto\/aspirante-guardia-giurata-di-livello-avanzato\/#breadcrumb"},"inLanguage":"it-IT","potentialAction":[{"@type":"ReadAction","target":["https:\/\/eraclitea.eu\/sitoweb\/prodotto\/aspirante-guardia-giurata-di-livello-avanzato\/"]}]},{"@type":"BreadcrumbList","@id":"https:\/\/eraclitea.eu\/sitoweb\/prodotto\/aspirante-guardia-giurata-di-livello-avanzato\/#breadcrumb","itemListElement":[{"@type":"ListItem","position":1,"name":"Home","item":"https:\/\/eraclitea.eu\/sitoweb\/"},{"@type":"ListItem","position":2,"name":"Corsi","item":"https:\/\/eraclitea.eu\/sitoweb\/corsi\/"},{"@type":"ListItem","position":3,"name":"Aspirante guardia giurata di livello avanzato"}]},{"@type":"WebSite","@id":"https:\/\/eraclitea.eu\/sitoweb\/#website","url":"https:\/\/eraclitea.eu\/sitoweb\/","name":"Accademia Eraclitea","description":"Ente di Formazione e Ricerca Accreditato","potentialAction":[{"@type":"SearchAction","target":{"@type":"EntryPoint","urlTemplate":"https:\/\/eraclitea.eu\/sitoweb\/?s={search_term_string}"},"query-input":"required name=search_term_string"}],"inLanguage":"it-IT"}]}},"_links":{"self":[{"href":"https:\/\/eraclitea.eu\/sitoweb\/wp-json\/wp\/v2\/product\/4576","targetHints":{"allow":["GET"]}}],"collection":[{"href":"https:\/\/eraclitea.eu\/sitoweb\/wp-json\/wp\/v2\/product"}],"about":[{"href":"https:\/\/eraclitea.eu\/sitoweb\/wp-json\/wp\/v2\/types\/product"}],"replies":[{"embeddable":true,"href":"https:\/\/eraclitea.eu\/sitoweb\/wp-json\/wp\/v2\/comments?post=4576"}],"wp:featuredmedia":[{"embeddable":true,"href":"https:\/\/eraclitea.eu\/sitoweb\/wp-json\/wp\/v2\/media\/4967"}],"wp:attachment":[{"href":"https:\/\/eraclitea.eu\/sitoweb\/wp-json\/wp\/v2\/media?parent=4576"}],"wp:term":[{"taxonomy":"product_cat","embeddable":true,"href":"https:\/\/eraclitea.eu\/sitoweb\/wp-json\/wp\/v2\/product_cat?post=4576"},{"taxonomy":"product_tag","embeddable":true,"href":"https:\/\/eraclitea.eu\/sitoweb\/wp-json\/wp\/v2\/product_tag?post=4576"}],"curies":[{"name":"wp","href":"https:\/\/api.w.org\/{rel}","templated":true}]}}