{"id":7366,"date":"2021-08-04T06:29:11","date_gmt":"2021-08-04T06:29:11","guid":{"rendered":"https:\/\/eraclitea.eu\/sitoweb\/?post_type=product&#038;p=7366"},"modified":"2021-08-10T11:30:48","modified_gmt":"2021-08-10T11:30:48","slug":"haccp-alimentaristi-ex-libretto-sanitario-categ-a-e-b","status":"publish","type":"product","link":"https:\/\/eraclitea.eu\/sitoweb\/prodotto\/haccp-alimentaristi-ex-libretto-sanitario-categ-a-e-b\/","title":{"rendered":"HACCP Alimentaristi &#8220;ex libretto sanitario&#8221; categ. A e B"},"content":{"rendered":"<div>\n<table style=\"border: 0px; height: 244px; width: 721px;\">\n<tbody>\n<tr>\n<td style=\"width: 38.75px;\"><a href=\"https:\/\/eraclitea.eu\/sitoweb\/wp-content\/uploads\/2021\/01\/orolo2.png\"><img loading=\"lazy\" decoding=\"async\" class=\"alignnone wp-image-887 \" src=\"https:\/\/eraclitea.eu\/sitoweb\/wp-content\/uploads\/2021\/03\/tempo.png\" alt=\"\" width=\"33\" height=\"33\" \/><\/a><\/td>\n<td style=\"width: 147.841px;\">\n<h4 class=\"et_pb_module_header\">Durata del corso:<\/h4>\n<\/td>\n<td style=\"width: 515.114px;\">4 ore (on line)<\/td>\n<\/tr>\n<tr>\n<td style=\"width: 38.75px;\"><a href=\"https:\/\/eraclitea.eu\/sitoweb\/wp-content\/uploads\/2021\/03\/Tavola-da-disegno-\u2013-13.png\"><img loading=\"lazy\" decoding=\"async\" class=\"alignnone wp-image-3710 \" src=\"https:\/\/eraclitea.eu\/sitoweb\/wp-content\/uploads\/2021\/03\/Tavola-da-disegno-\u2013-13-300x300.png\" alt=\"\" width=\"39\" height=\"39\" srcset=\"https:\/\/eraclitea.eu\/sitoweb\/wp-content\/uploads\/2021\/03\/Tavola-da-disegno-\u2013-13-300x300.png 300w, https:\/\/eraclitea.eu\/sitoweb\/wp-content\/uploads\/2021\/03\/Tavola-da-disegno-\u2013-13-150x150.png 150w, https:\/\/eraclitea.eu\/sitoweb\/wp-content\/uploads\/2021\/03\/Tavola-da-disegno-\u2013-13-100x100.png 100w, https:\/\/eraclitea.eu\/sitoweb\/wp-content\/uploads\/2021\/03\/Tavola-da-disegno-\u2013-13-64x64.png 64w, https:\/\/eraclitea.eu\/sitoweb\/wp-content\/uploads\/2021\/03\/Tavola-da-disegno-\u2013-13.png 400w\" sizes=\"auto, (max-width: 39px) 100vw, 39px\" \/><\/a><\/td>\n<td style=\"width: 147.841px;\">\n<h4>N. Partecipanti:<\/h4>\n<\/td>\n<td style=\"width: 515.114px;\">Max 30<\/td>\n<\/tr>\n<tr>\n<td style=\"width: 38.75px;\"><a href=\"https:\/\/eraclitea.eu\/sitoweb\/wp-content\/uploads\/2021\/04\/Tavola-da-disegno-\u2013-13-2.png\"><img loading=\"lazy\" decoding=\"async\" class=\"alignnone size-medium wp-image-5967\" src=\"https:\/\/eraclitea.eu\/sitoweb\/wp-content\/uploads\/2021\/04\/Tavola-da-disegno-\u2013-13-2-300x300.png\" alt=\"\" width=\"300\" height=\"300\" \/><\/a><\/td>\n<td style=\"width: 147.841px;\">\n<h4>A chi \u00e8 rivolto:<\/h4>\n<\/td>\n<td style=\"width: 515.114px;\">Il corso di richiamo triennale di quattro ore deve essere svolto dagli alimentaristi che hanno gi\u00e0 frequentato un precedente corso di base rischio elevato o rischio medio.<\/td>\n<\/tr>\n<\/tbody>\n<\/table>\n<\/div>\n<div><\/div>\n<div><\/div>\n<div><\/div>\n<div><\/div>\n<div class=\"et_pb_module et_pb_blurb et_pb_blurb_1_tb_body et_pb_text_align_left et_pb_blurb_position_left et_pb_bg_layout_light\"><span style=\"color: #333333; font-size: 22px;\">Obiettivi del corso<\/span><\/div>\n<p>I corsi HACCP si possono svolgere on line e sono validi in tutta Italia. Si propongono di fornire informazioni teorico &#8211; pratiche sulle specifiche norme di settore, sull&#8217;igiene e comportamenti del personale, sull&#8217;igiene delle strutture e delle attrezzature, sulle buone prassi di lavorazione relativamente alle specifiche mansioni.<\/p>\n<p><span style=\"color: #ff0000;\">I CORSI HACCP PER ALIMENTARISTI EX LIBRETTO SANITARIO SONO ACCREDITATI DALLA CALABRIA ai sensi della delibera della Giunta Reg. Calabria n. 98\/2007 e 28\/2012, SI POSSONO SVOLGERE ON LINE E SONO VALIDI IN TUTTA ITALIA.<\/span><\/p>\n<p>&nbsp;<\/p>\n<h3>Corso di aggiornamento HACCP per alimentaristi ex libretto sanitario (ore 4)<\/h3>\n<p><strong>Il CORSO si svolge ON LINE ed \u00e8 valido in tutta Italia per il principio della reciprocit\u00e0 &#8211; Direttiva Europea 2500\/36\/CE recepita con D.lgs. 206\/2007.<\/strong><\/p>\n<p>Il corso HACCP \u00e8 accreditato dalla Regione Calabria si propone di fornire una occasione di ulteriore crescita culturale degli \u201d alimentaristi\u201d ed \u00e8 indirizzato a quanti hanno gi\u00e0 frequentato un precedente corso di base rischio elevato o rischio medio.<\/p>\n<p>A tale scopo il corso fornir\u00e0 informazioni su eventuali nuove disposizioni legislative emanate in materia di igiene degli alimenti e ripercorrer\u00e0 il programma gi\u00e0 espletato nel precedente corso, in modo pi\u00f9 approfondito e dettagliato.<\/p>\n<h5>Nell&#8217;espletamento del corso dovranno essere fornite ulteriori informazioni su:<\/h5>\n<ul>\n<li>Microrganismi patogeni e condizioni che favoriscono o inibiscono la relativa crescita;<\/li>\n<li>Corretta conservazione degli alimenti e trattamenti di abbattimento microbico, con\u00a0particolare riferimento alla catena del freddo ed alle corrette temperature di conservazione\u00a0degli alimenti;<\/li>\n<li>Prevenzione delle tossinfezioni alimentari;<\/li>\n<li>Piani di autocontrollo basati sul sistema HACCP.<\/li>\n<\/ul>\n<h3>Attestato<\/h3>\n<p>Alla fine del corso dopo aver\u00a0 svolto un test a risposta multipla per la\u00a0 valutazione del profitto verr\u00e0 rilasciato un attestato di frequenza accreditato dalla Regione Calabria valido sul tutto il territorio italiano.<\/p>\n<p><code><\/code><\/p>\n","protected":false},"excerpt":{"rendered":"<h4>4\u00a0 ore<\/h4>\n<p>IL CORSO si svolge ON LINE ed \u00e8 valido in tutta Italia per il principio della reciprocit\u00e0 &#8211; Direttiva Europea 2500\/36\/CE recepita con D.lgs. 206\/2007.<\/p>\n","protected":false},"featured_media":4762,"comment_status":"open","ping_status":"closed","template":"","meta":{"_et_pb_use_builder":"off","_et_pb_old_content":"OBIETTIVI DEL CORSO\r\n\r\nIl corso di qualifica per Operatore Socio Sanitario \u00e8 volto a formare operatori in grado di intervenire nelle situazioni caratterizzate da mancanza temporanea e\/o permanente di autonomia psicofisica. Grazie alla formazione teorico-pratica e al tirocinio pratico, gli allievi avranno l\u2019opportunit\u00e0 di sviluppare competenze professionali volte a:\r\n<ul>\r\n \t<li>identificare, classificare ed interpretare le problematiche delle diverse tipologie di utenze (minori, anziani, persone con disabilit\u00e0, pazienti oncologici);<\/li>\r\n \t<li>conoscere l\u2019organizzazione dei servizi sociali e sanitari; acquisire elementi di igiene e prevenzione e di anatomia, fisiologia e dietetica;<\/li>\r\n \t<li>identificare gli elementi necessari alla pianificazione dell\u2019assistenza e applicare le conoscenze acquisite per mantenere un ambiente terapeutico adeguato alla cura della persona e per applicare le diverse metodologie operative di carattere sanitario sugli assistiti.<\/li>\r\n<\/ul>\r\nIL CORSO E\u2019 ACCREDITATO DALLA REGIONE SICILIANA, ASSESSORATO ALLA SALUTE, AI SENSI DEL DECRETO DEL 12 AGOSTO 2020 (GURS N. 45\/2020) e ACCORDO STATO REGIONI DEL 22 FEBBRAIO 2001.\r\n\r\nPROGRAMMA \u2013 le materie di insegnamento sono articolate nelle seguenti aree disciplinari","_et_gb_content_width":"","_joinchat":[]},"product_cat":[137,96,21],"product_tag":[122,69],"class_list":["post-7366","product","type-product","status-publish","has-post-thumbnail","hentry","product_cat-aggiornamento","product_cat-agricoltura","product_cat-alimentare","product_tag-agricoltura","product_tag-alimentare"],"yoast_head":"<!-- This site is optimized with the Yoast SEO plugin v21.5 - https:\/\/yoast.com\/wordpress\/plugins\/seo\/ -->\n<title>HACCP Alimentaristi &quot;ex libretto sanitario&quot; categ. A e B - Accademia Eraclitea<\/title>\n<meta name=\"robots\" content=\"index, follow, max-snippet:-1, max-image-preview:large, max-video-preview:-1\" \/>\n<link rel=\"canonical\" href=\"https:\/\/eraclitea.eu\/sitoweb\/prodotto\/haccp-alimentaristi-ex-libretto-sanitario-categ-a-e-b\/\" \/>\n<meta property=\"og:locale\" content=\"it_IT\" \/>\n<meta property=\"og:type\" content=\"article\" \/>\n<meta property=\"og:title\" content=\"HACCP Alimentaristi &quot;ex libretto sanitario&quot; categ. A e B - Accademia Eraclitea\" \/>\n<meta property=\"og:description\" content=\"4\u00a0 ore IL CORSO si svolge ON LINE ed \u00e8 valido in tutta Italia per il principio della reciprocit\u00e0 - Direttiva Europea 2500\/36\/CE recepita con D.lgs. 206\/2007.\" \/>\n<meta property=\"og:url\" content=\"https:\/\/eraclitea.eu\/sitoweb\/prodotto\/haccp-alimentaristi-ex-libretto-sanitario-categ-a-e-b\/\" \/>\n<meta property=\"og:site_name\" content=\"Accademia Eraclitea\" \/>\n<meta property=\"article:modified_time\" content=\"2021-08-10T11:30:48+00:00\" \/>\n<meta property=\"og:image\" content=\"https:\/\/eraclitea.eu\/sitoweb\/wp-content\/uploads\/2021\/03\/haccp-base@2x.png\" \/>\n\t<meta property=\"og:image:width\" content=\"350\" \/>\n\t<meta property=\"og:image:height\" content=\"200\" \/>\n\t<meta property=\"og:image:type\" content=\"image\/png\" \/>\n<meta name=\"twitter:card\" content=\"summary_large_image\" \/>\n<meta name=\"twitter:label1\" content=\"Tempo di lettura stimato\" \/>\n\t<meta name=\"twitter:data1\" content=\"3 minuti\" \/>\n<script type=\"application\/ld+json\" class=\"yoast-schema-graph\">{\"@context\":\"https:\/\/schema.org\",\"@graph\":[{\"@type\":\"WebPage\",\"@id\":\"https:\/\/eraclitea.eu\/sitoweb\/prodotto\/haccp-alimentaristi-ex-libretto-sanitario-categ-a-e-b\/\",\"url\":\"https:\/\/eraclitea.eu\/sitoweb\/prodotto\/haccp-alimentaristi-ex-libretto-sanitario-categ-a-e-b\/\",\"name\":\"HACCP Alimentaristi \\\"ex libretto sanitario\\\" categ. A e B - Accademia Eraclitea\",\"isPartOf\":{\"@id\":\"https:\/\/eraclitea.eu\/sitoweb\/#website\"},\"datePublished\":\"2021-08-04T06:29:11+00:00\",\"dateModified\":\"2021-08-10T11:30:48+00:00\",\"breadcrumb\":{\"@id\":\"https:\/\/eraclitea.eu\/sitoweb\/prodotto\/haccp-alimentaristi-ex-libretto-sanitario-categ-a-e-b\/#breadcrumb\"},\"inLanguage\":\"it-IT\",\"potentialAction\":[{\"@type\":\"ReadAction\",\"target\":[\"https:\/\/eraclitea.eu\/sitoweb\/prodotto\/haccp-alimentaristi-ex-libretto-sanitario-categ-a-e-b\/\"]}]},{\"@type\":\"BreadcrumbList\",\"@id\":\"https:\/\/eraclitea.eu\/sitoweb\/prodotto\/haccp-alimentaristi-ex-libretto-sanitario-categ-a-e-b\/#breadcrumb\",\"itemListElement\":[{\"@type\":\"ListItem\",\"position\":1,\"name\":\"Home\",\"item\":\"https:\/\/eraclitea.eu\/sitoweb\/\"},{\"@type\":\"ListItem\",\"position\":2,\"name\":\"Corsi\",\"item\":\"https:\/\/eraclitea.eu\/sitoweb\/corsi\/\"},{\"@type\":\"ListItem\",\"position\":3,\"name\":\"HACCP Alimentaristi &#8220;ex libretto sanitario&#8221; categ. A e B\"}]},{\"@type\":\"WebSite\",\"@id\":\"https:\/\/eraclitea.eu\/sitoweb\/#website\",\"url\":\"https:\/\/eraclitea.eu\/sitoweb\/\",\"name\":\"Accademia Eraclitea\",\"description\":\"Ente di Formazione e Ricerca Accreditato\",\"potentialAction\":[{\"@type\":\"SearchAction\",\"target\":{\"@type\":\"EntryPoint\",\"urlTemplate\":\"https:\/\/eraclitea.eu\/sitoweb\/?s={search_term_string}\"},\"query-input\":\"required name=search_term_string\"}],\"inLanguage\":\"it-IT\"}]}<\/script>\n<!-- \/ Yoast SEO plugin. -->","yoast_head_json":{"title":"HACCP Alimentaristi \"ex libretto sanitario\" categ. A e B - Accademia Eraclitea","robots":{"index":"index","follow":"follow","max-snippet":"max-snippet:-1","max-image-preview":"max-image-preview:large","max-video-preview":"max-video-preview:-1"},"canonical":"https:\/\/eraclitea.eu\/sitoweb\/prodotto\/haccp-alimentaristi-ex-libretto-sanitario-categ-a-e-b\/","og_locale":"it_IT","og_type":"article","og_title":"HACCP Alimentaristi \"ex libretto sanitario\" categ. A e B - Accademia Eraclitea","og_description":"4\u00a0 ore IL CORSO si svolge ON LINE ed \u00e8 valido in tutta Italia per il principio della reciprocit\u00e0 - Direttiva Europea 2500\/36\/CE recepita con D.lgs. 206\/2007.","og_url":"https:\/\/eraclitea.eu\/sitoweb\/prodotto\/haccp-alimentaristi-ex-libretto-sanitario-categ-a-e-b\/","og_site_name":"Accademia Eraclitea","article_modified_time":"2021-08-10T11:30:48+00:00","og_image":[{"width":350,"height":200,"url":"https:\/\/eraclitea.eu\/sitoweb\/wp-content\/uploads\/2021\/03\/haccp-base@2x.png","type":"image\/png"}],"twitter_card":"summary_large_image","twitter_misc":{"Tempo di lettura stimato":"3 minuti"},"schema":{"@context":"https:\/\/schema.org","@graph":[{"@type":"WebPage","@id":"https:\/\/eraclitea.eu\/sitoweb\/prodotto\/haccp-alimentaristi-ex-libretto-sanitario-categ-a-e-b\/","url":"https:\/\/eraclitea.eu\/sitoweb\/prodotto\/haccp-alimentaristi-ex-libretto-sanitario-categ-a-e-b\/","name":"HACCP Alimentaristi \"ex libretto sanitario\" categ. A e B - Accademia Eraclitea","isPartOf":{"@id":"https:\/\/eraclitea.eu\/sitoweb\/#website"},"datePublished":"2021-08-04T06:29:11+00:00","dateModified":"2021-08-10T11:30:48+00:00","breadcrumb":{"@id":"https:\/\/eraclitea.eu\/sitoweb\/prodotto\/haccp-alimentaristi-ex-libretto-sanitario-categ-a-e-b\/#breadcrumb"},"inLanguage":"it-IT","potentialAction":[{"@type":"ReadAction","target":["https:\/\/eraclitea.eu\/sitoweb\/prodotto\/haccp-alimentaristi-ex-libretto-sanitario-categ-a-e-b\/"]}]},{"@type":"BreadcrumbList","@id":"https:\/\/eraclitea.eu\/sitoweb\/prodotto\/haccp-alimentaristi-ex-libretto-sanitario-categ-a-e-b\/#breadcrumb","itemListElement":[{"@type":"ListItem","position":1,"name":"Home","item":"https:\/\/eraclitea.eu\/sitoweb\/"},{"@type":"ListItem","position":2,"name":"Corsi","item":"https:\/\/eraclitea.eu\/sitoweb\/corsi\/"},{"@type":"ListItem","position":3,"name":"HACCP Alimentaristi &#8220;ex libretto sanitario&#8221; categ. A e B"}]},{"@type":"WebSite","@id":"https:\/\/eraclitea.eu\/sitoweb\/#website","url":"https:\/\/eraclitea.eu\/sitoweb\/","name":"Accademia Eraclitea","description":"Ente di Formazione e Ricerca Accreditato","potentialAction":[{"@type":"SearchAction","target":{"@type":"EntryPoint","urlTemplate":"https:\/\/eraclitea.eu\/sitoweb\/?s={search_term_string}"},"query-input":"required name=search_term_string"}],"inLanguage":"it-IT"}]}},"_links":{"self":[{"href":"https:\/\/eraclitea.eu\/sitoweb\/wp-json\/wp\/v2\/product\/7366","targetHints":{"allow":["GET"]}}],"collection":[{"href":"https:\/\/eraclitea.eu\/sitoweb\/wp-json\/wp\/v2\/product"}],"about":[{"href":"https:\/\/eraclitea.eu\/sitoweb\/wp-json\/wp\/v2\/types\/product"}],"replies":[{"embeddable":true,"href":"https:\/\/eraclitea.eu\/sitoweb\/wp-json\/wp\/v2\/comments?post=7366"}],"wp:featuredmedia":[{"embeddable":true,"href":"https:\/\/eraclitea.eu\/sitoweb\/wp-json\/wp\/v2\/media\/4762"}],"wp:attachment":[{"href":"https:\/\/eraclitea.eu\/sitoweb\/wp-json\/wp\/v2\/media?parent=7366"}],"wp:term":[{"taxonomy":"product_cat","embeddable":true,"href":"https:\/\/eraclitea.eu\/sitoweb\/wp-json\/wp\/v2\/product_cat?post=7366"},{"taxonomy":"product_tag","embeddable":true,"href":"https:\/\/eraclitea.eu\/sitoweb\/wp-json\/wp\/v2\/product_tag?post=7366"}],"curies":[{"name":"wp","href":"https:\/\/api.w.org\/{rel}","templated":true}]}}