{"id":9454,"date":"2024-01-22T09:00:44","date_gmt":"2024-01-22T09:00:44","guid":{"rendered":"https:\/\/eraclitea.it\/it\/?post_type=product&#038;p=9454"},"modified":"2024-01-22T09:00:44","modified_gmt":"2024-01-22T09:00:44","slug":"corso-fad-triage-infermieristico-con-libro","status":"publish","type":"product","link":"https:\/\/eraclitea.eu\/sitoweb\/prodotto\/corso-fad-triage-infermieristico-con-libro\/","title":{"rendered":"Corso FAD asincrona &#8211; Triage infermieristico con libro"},"content":{"rendered":"<div class=\"et_pb_module et_pb_blurb et_pb_blurb_1_tb_body et_pb_text_align_left et_pb_blurb_position_left et_pb_bg_layout_light\">\n<table style=\"border: 0px; height: 244px; width: 721px;\">\n<tbody>\n<tr>\n<td style=\"width: 38.75px;\"><a href=\"https:\/\/eraclitea.it\/it\/wp-content\/uploads\/2021\/01\/orolo2.png\"><img loading=\"lazy\" decoding=\"async\" class=\"alignnone wp-image-887 \" src=\"https:\/\/eraclitea.it\/it\/wp-content\/uploads\/2021\/03\/tempo.png\" alt=\"\" width=\"33\" height=\"33\" \/><\/a><\/td>\n<td style=\"width: 147.841px;\">\n<h4 class=\"et_pb_module_header\">Durata del corso:<\/h4>\n<\/td>\n<td style=\"width: 515.114px;\">50 ore (FAD ASINCRONA)<\/td>\n<\/tr>\n<tr>\n<td style=\"width: 38.75px;\"><a href=\"https:\/\/eraclitea.it\/it\/wp-content\/uploads\/2021\/03\/Tavola-da-disegno-\u2013-13.png\"><img loading=\"lazy\" decoding=\"async\" class=\"alignnone wp-image-3710 \" src=\"https:\/\/eraclitea.it\/it\/wp-content\/uploads\/2021\/03\/Tavola-da-disegno-\u2013-13-300x300.png\" alt=\"\" width=\"39\" height=\"39\" srcset=\"https:\/\/eraclitea.eu\/sitoweb\/wp-content\/uploads\/2021\/03\/Tavola-da-disegno-\u2013-13-300x300.png 300w, https:\/\/eraclitea.eu\/sitoweb\/wp-content\/uploads\/2021\/03\/Tavola-da-disegno-\u2013-13-150x150.png 150w, https:\/\/eraclitea.eu\/sitoweb\/wp-content\/uploads\/2021\/03\/Tavola-da-disegno-\u2013-13-100x100.png 100w, https:\/\/eraclitea.eu\/sitoweb\/wp-content\/uploads\/2021\/03\/Tavola-da-disegno-\u2013-13-64x64.png 64w, https:\/\/eraclitea.eu\/sitoweb\/wp-content\/uploads\/2021\/03\/Tavola-da-disegno-\u2013-13.png 400w\" sizes=\"auto, (max-width: 39px) 100vw, 39px\" \/><\/a><\/td>\n<td style=\"width: 147.841px;\">\n<h4>N. Partecipanti:<\/h4>\n<\/td>\n<td style=\"width: 515.114px;\">nessun limite<\/td>\n<\/tr>\n<tr>\n<td style=\"width: 38.75px;\"><a href=\"https:\/\/eraclitea.it\/it\/wp-content\/uploads\/2021\/04\/Tavola-da-disegno-\u2013-13-2.png\"><img loading=\"lazy\" decoding=\"async\" class=\"alignnone size-medium wp-image-5967\" src=\"https:\/\/eraclitea.it\/it\/wp-content\/uploads\/2021\/04\/Tavola-da-disegno-\u2013-13-2-300x300.png\" alt=\"\" width=\"300\" height=\"300\" \/><\/a><\/td>\n<td style=\"width: 147.841px;\">\n<h4>A chi \u00e8 rivolto:<\/h4>\n<\/td>\n<td style=\"width: 515.114px;\">Infermiere, Infermiere Pediatrico, Medico tutte le specializzazioni, Ostetrica<\/td>\n<\/tr>\n<\/tbody>\n<\/table>\n<\/div>\n<div><\/div>\n<h3>Finalit\u00e0<\/h3>\n<p style=\"text-align: justify;\">L&#8217;attivit\u00e0 di triage infermieristico rappresenta un momento fondamentale per ben indirizzare il percorso in rapporto ai bisogni del paziente. E&#8217; un&#8217;attivit\u00e0 che \u00e8 divenuta via via pi\u00f9 complessa perch\u00e9 \u00e8 l&#8217;attivit\u00e0 di ogni Pronto Soccorso a essere divenuta pi\u00f9 complessa, cos\u00ec come lo sono diventati tutti i percorsi di ingresso ed uscita dei pazienti. Il Pronto Soccorso \u00e8 una struttura in cui, oltre ad affrontare l&#8217;emergenza, si risolvono situazioni di ogni tipo: solamente attraverso un lavoro multidisciplinare \u00e8 possibile integrare differenti professionalit\u00e0 per produrre la massima<br \/>\nassistenza, con l&#8217;intento di applicare conoscenze scientifiche e tecniche all&#8217;avanguardia senza mai perdere di vita l&#8217;aspetto umano e relazionale con i pazienti e gli accompagnatori. Pertanto, una buona formazione all&#8217;attivit\u00e0 di triage rimane indispensabile per gli infermieri che vi si dedicano.<\/p>\n<h3><\/h3>\n<h3><\/h3>\n<h3>Obiettivi<\/h3>\n<p style=\"text-align: justify;\">conoscere la finalit\u00e0 e gli obiettivi del triage, nonch\u00e8 i codici di priorit\u00e0 apprendere e saper applicare i principi del modello globale conoscere e saper gestire gli aspetti organizzativi del triage ed i criteri in caso di maxiemergenza approfondire e condividere strategie per favorire una comunicazione efficace nel lavoro interprofessionale e anche nella relazione con i pazienti o accompagnatori apprendere i principi e le regole della responsabilit\u00e0 professionale conoscere gli aspetti normativi nel triage aggiornare le conoscenze cliniche in base alle recenti evidenze scientifiche condividere le modalit\u00e0 di intervento in base a specifici casi clinici<\/p>\n<h3><\/h3>\n<h3><\/h3>\n<h3>ECM &#8220;educazione continua in medicina&#8221;<\/h3>\n<p>Il corso attibuisce n. 50 crediti ECM<\/p>\n<h3><\/h3>\n<h3>Sede di svolgimento:<\/h3>\n<p>Il corso si svolge online in modalit\u00e0 asincrona fruibile h24<\/p>\n<h3><\/h3>\n<h3><\/h3>\n<h3>Contenuti del corso<\/h3>\n<h3>Aspetti generali e metodologia<\/h3>\n<ul>\n<li style=\"text-align: justify;\">Cenni Storici, Triage di Pronto Soccorso, Il Modello del Triage Globale, Codici di priorit\u00e0, Triage e parametri vitali, Valutazione di triage secondo il Modello Globale, Sistema documentale di triage , Infermiere di triage, Sistema di triage, Valutazione e sistemi di verifica dell&#8217;attivit\u00e0 di triage, Triage e gestione del rischio clinico, Criteri per il triage in PS in caso di maxiemergenza, Emergenza territoriale e triage in PS, Dinamiche relazionali in triage, Ben-essere in triage, Over rule, Il paziente straniero al triage, Triage e fragilit\u00e0, Triage e violenze, Aspetti normativi e responsabilit\u00e0 nel triage, Principi e regole della responsabilit\u00e0 professionale, Triage, normativa regionale e nuove linee guida<\/li>\n<\/ul>\n<h3>Aspetti clinici<\/h3>\n<ul>\n<li style=\"text-align: justify;\">Cefalea, Vertigini e alterazione dell&#8217;equilibrio, Perdita di coscienza transitoria, Alterazioni dello stato di coscienza, Disturbi neurologici acuti (stroke), Dolore toracico non traumatico, Cardiopalmo e disturbi del ritmo, Dispnea, Dolore addominale non traumatico, Emorragie digestive, Intossicazione e avvelenamenti, Reazioni allergiche, Alterazioni della temperatura, Dolore lombare non traumatico, Problemi non traumatici localizzati agli arti, Il paziente anziano<\/li>\n<\/ul>\n","protected":false},"excerpt":{"rendered":"<h4>Organizzato dal &#8220;G.F.T. \u00abGruppo Formazione Triage&#8221; &#8211; 50 crediti ECM<\/h4>\n","protected":false},"featured_media":9016,"comment_status":"open","ping_status":"closed","template":"","meta":{"_et_pb_use_builder":"","_et_pb_old_content":"","_et_gb_content_width":"","_joinchat":[]},"product_cat":[100,175],"product_tag":[],"class_list":["post-9454","product","type-product","status-publish","has-post-thumbnail","hentry","product_cat-ecm","product_cat-triage"],"yoast_head":"<!-- This site is optimized with the Yoast SEO plugin v21.5 - https:\/\/yoast.com\/wordpress\/plugins\/seo\/ -->\n<title>Corso FAD asincrona - Triage infermieristico con libro - Accademia Eraclitea<\/title>\n<meta name=\"robots\" content=\"index, follow, max-snippet:-1, max-image-preview:large, max-video-preview:-1\" \/>\n<link rel=\"canonical\" href=\"https:\/\/eraclitea.eu\/sitoweb\/prodotto\/corso-fad-triage-infermieristico-con-libro\/\" \/>\n<meta property=\"og:locale\" content=\"it_IT\" \/>\n<meta property=\"og:type\" content=\"article\" \/>\n<meta property=\"og:title\" content=\"Corso FAD asincrona - Triage infermieristico con libro - Accademia Eraclitea\" \/>\n<meta property=\"og:description\" content=\"Organizzato dal &quot;G.F.T. \u00abGruppo Formazione Triage&quot; - 50 crediti ECM\" \/>\n<meta property=\"og:url\" content=\"https:\/\/eraclitea.eu\/sitoweb\/prodotto\/corso-fad-triage-infermieristico-con-libro\/\" \/>\n<meta property=\"og:site_name\" content=\"Accademia Eraclitea\" \/>\n<meta property=\"og:image\" content=\"https:\/\/eraclitea.eu\/sitoweb\/wp-content\/uploads\/2023\/08\/TRIAGE.png\" \/>\n\t<meta property=\"og:image:width\" content=\"306\" \/>\n\t<meta property=\"og:image:height\" content=\"200\" \/>\n\t<meta property=\"og:image:type\" content=\"image\/png\" \/>\n<meta name=\"twitter:card\" content=\"summary_large_image\" \/>\n<meta name=\"twitter:label1\" content=\"Tempo di lettura stimato\" \/>\n\t<meta name=\"twitter:data1\" content=\"3 minuti\" \/>\n<script type=\"application\/ld+json\" class=\"yoast-schema-graph\">{\"@context\":\"https:\/\/schema.org\",\"@graph\":[{\"@type\":\"WebPage\",\"@id\":\"https:\/\/eraclitea.eu\/sitoweb\/prodotto\/corso-fad-triage-infermieristico-con-libro\/\",\"url\":\"https:\/\/eraclitea.eu\/sitoweb\/prodotto\/corso-fad-triage-infermieristico-con-libro\/\",\"name\":\"Corso FAD asincrona - Triage infermieristico con libro - Accademia Eraclitea\",\"isPartOf\":{\"@id\":\"https:\/\/eraclitea.eu\/sitoweb\/#website\"},\"datePublished\":\"2024-01-22T09:00:44+00:00\",\"dateModified\":\"2024-01-22T09:00:44+00:00\",\"breadcrumb\":{\"@id\":\"https:\/\/eraclitea.eu\/sitoweb\/prodotto\/corso-fad-triage-infermieristico-con-libro\/#breadcrumb\"},\"inLanguage\":\"it-IT\",\"potentialAction\":[{\"@type\":\"ReadAction\",\"target\":[\"https:\/\/eraclitea.eu\/sitoweb\/prodotto\/corso-fad-triage-infermieristico-con-libro\/\"]}]},{\"@type\":\"BreadcrumbList\",\"@id\":\"https:\/\/eraclitea.eu\/sitoweb\/prodotto\/corso-fad-triage-infermieristico-con-libro\/#breadcrumb\",\"itemListElement\":[{\"@type\":\"ListItem\",\"position\":1,\"name\":\"Home\",\"item\":\"https:\/\/eraclitea.eu\/sitoweb\/\"},{\"@type\":\"ListItem\",\"position\":2,\"name\":\"Corsi\",\"item\":\"https:\/\/eraclitea.eu\/sitoweb\/corsi\/\"},{\"@type\":\"ListItem\",\"position\":3,\"name\":\"Corso FAD asincrona &#8211; Triage infermieristico con libro\"}]},{\"@type\":\"WebSite\",\"@id\":\"https:\/\/eraclitea.eu\/sitoweb\/#website\",\"url\":\"https:\/\/eraclitea.eu\/sitoweb\/\",\"name\":\"Accademia Eraclitea\",\"description\":\"Ente di Formazione e Ricerca Accreditato\",\"potentialAction\":[{\"@type\":\"SearchAction\",\"target\":{\"@type\":\"EntryPoint\",\"urlTemplate\":\"https:\/\/eraclitea.eu\/sitoweb\/?s={search_term_string}\"},\"query-input\":\"required name=search_term_string\"}],\"inLanguage\":\"it-IT\"}]}<\/script>\n<!-- \/ Yoast SEO plugin. -->","yoast_head_json":{"title":"Corso FAD asincrona - Triage infermieristico con libro - Accademia Eraclitea","robots":{"index":"index","follow":"follow","max-snippet":"max-snippet:-1","max-image-preview":"max-image-preview:large","max-video-preview":"max-video-preview:-1"},"canonical":"https:\/\/eraclitea.eu\/sitoweb\/prodotto\/corso-fad-triage-infermieristico-con-libro\/","og_locale":"it_IT","og_type":"article","og_title":"Corso FAD asincrona - Triage infermieristico con libro - Accademia Eraclitea","og_description":"Organizzato dal \"G.F.T. \u00abGruppo Formazione Triage\" - 50 crediti ECM","og_url":"https:\/\/eraclitea.eu\/sitoweb\/prodotto\/corso-fad-triage-infermieristico-con-libro\/","og_site_name":"Accademia Eraclitea","og_image":[{"width":306,"height":200,"url":"https:\/\/eraclitea.eu\/sitoweb\/wp-content\/uploads\/2023\/08\/TRIAGE.png","type":"image\/png"}],"twitter_card":"summary_large_image","twitter_misc":{"Tempo di lettura stimato":"3 minuti"},"schema":{"@context":"https:\/\/schema.org","@graph":[{"@type":"WebPage","@id":"https:\/\/eraclitea.eu\/sitoweb\/prodotto\/corso-fad-triage-infermieristico-con-libro\/","url":"https:\/\/eraclitea.eu\/sitoweb\/prodotto\/corso-fad-triage-infermieristico-con-libro\/","name":"Corso FAD asincrona - Triage infermieristico con libro - Accademia Eraclitea","isPartOf":{"@id":"https:\/\/eraclitea.eu\/sitoweb\/#website"},"datePublished":"2024-01-22T09:00:44+00:00","dateModified":"2024-01-22T09:00:44+00:00","breadcrumb":{"@id":"https:\/\/eraclitea.eu\/sitoweb\/prodotto\/corso-fad-triage-infermieristico-con-libro\/#breadcrumb"},"inLanguage":"it-IT","potentialAction":[{"@type":"ReadAction","target":["https:\/\/eraclitea.eu\/sitoweb\/prodotto\/corso-fad-triage-infermieristico-con-libro\/"]}]},{"@type":"BreadcrumbList","@id":"https:\/\/eraclitea.eu\/sitoweb\/prodotto\/corso-fad-triage-infermieristico-con-libro\/#breadcrumb","itemListElement":[{"@type":"ListItem","position":1,"name":"Home","item":"https:\/\/eraclitea.eu\/sitoweb\/"},{"@type":"ListItem","position":2,"name":"Corsi","item":"https:\/\/eraclitea.eu\/sitoweb\/corsi\/"},{"@type":"ListItem","position":3,"name":"Corso FAD asincrona &#8211; Triage infermieristico con libro"}]},{"@type":"WebSite","@id":"https:\/\/eraclitea.eu\/sitoweb\/#website","url":"https:\/\/eraclitea.eu\/sitoweb\/","name":"Accademia Eraclitea","description":"Ente di Formazione e Ricerca Accreditato","potentialAction":[{"@type":"SearchAction","target":{"@type":"EntryPoint","urlTemplate":"https:\/\/eraclitea.eu\/sitoweb\/?s={search_term_string}"},"query-input":"required name=search_term_string"}],"inLanguage":"it-IT"}]}},"_links":{"self":[{"href":"https:\/\/eraclitea.eu\/sitoweb\/wp-json\/wp\/v2\/product\/9454","targetHints":{"allow":["GET"]}}],"collection":[{"href":"https:\/\/eraclitea.eu\/sitoweb\/wp-json\/wp\/v2\/product"}],"about":[{"href":"https:\/\/eraclitea.eu\/sitoweb\/wp-json\/wp\/v2\/types\/product"}],"replies":[{"embeddable":true,"href":"https:\/\/eraclitea.eu\/sitoweb\/wp-json\/wp\/v2\/comments?post=9454"}],"wp:featuredmedia":[{"embeddable":true,"href":"https:\/\/eraclitea.eu\/sitoweb\/wp-json\/wp\/v2\/media\/9016"}],"wp:attachment":[{"href":"https:\/\/eraclitea.eu\/sitoweb\/wp-json\/wp\/v2\/media?parent=9454"}],"wp:term":[{"taxonomy":"product_cat","embeddable":true,"href":"https:\/\/eraclitea.eu\/sitoweb\/wp-json\/wp\/v2\/product_cat?post=9454"},{"taxonomy":"product_tag","embeddable":true,"href":"https:\/\/eraclitea.eu\/sitoweb\/wp-json\/wp\/v2\/product_tag?post=9454"}],"curies":[{"name":"wp","href":"https:\/\/api.w.org\/{rel}","templated":true}]}}